{"id":1208,"date":"2023-06-19T11:07:41","date_gmt":"2023-06-19T11:07:41","guid":{"rendered":"https:\/\/growthcoliving.com\/?page_id=1208"},"modified":"2023-06-19T11:42:17","modified_gmt":"2023-06-19T11:42:17","slug":"prensa","status":"publish","type":"page","link":"https:\/\/growthcoliving.com\/en\/prensa\/","title":{"rendered":"Prensa"},"content":{"rendered":"\t\t<div data-elementor-type=\"wp-page\" data-elementor-id=\"1208\" class=\"elementor elementor-1208\" data-elementor-post-type=\"page\">\n\t\t\t\t<div class=\"elementor-element elementor-element-83b3984 e-flex e-con-boxed e-con e-parent\" data-id=\"83b3984\" data-element_type=\"container\" data-e-type=\"container\">\n\t\t\t\t\t<div class=\"e-con-inner\">\n\t\t\t\t<div class=\"elementor-element elementor-element-1e41a636 elementor-cta--skin-classic elementor-animated-content elementor-bg-transform elementor-bg-transform-zoom-in elementor-widget elementor-widget-call-to-action\" data-id=\"1e41a636\" data-element_type=\"widget\" data-e-type=\"widget\" data-settings=\"{&quot;_animation&quot;:&quot;none&quot;}\" data-widget_type=\"call-to-action.default\">\n\t\t\t\t<div class=\"elementor-widget-container\">\n\t\t\t\t\t\t\t<div class=\"elementor-cta\">\n\t\t\t\t\t\t\t<div class=\"elementor-cta__content\">\n\t\t\t\t\n\t\t\t\t\t\t\t\t\t<h1 class=\"elementor-cta__title elementor-cta__content-item elementor-content-item\">\n\t\t\t\t\t\tSalimos en los informativos de Telecinco\t\t\t\t\t<\/h1>\n\t\t\t\t\n\t\t\t\t\n\t\t\t\t\t\t\t<\/div>\n\t\t\t\t\t\t<\/div>\n\t\t\t\t\t\t<\/div>\n\t\t\t\t<\/div>\n\t\t\t\t<div class=\"elementor-element elementor-element-bd79243 elementor-widget elementor-widget-video\" data-id=\"bd79243\" data-element_type=\"widget\" data-e-type=\"widget\" data-settings=\"{&quot;youtube_url&quot;:&quot;https:\\\/\\\/youtu.be\\\/QAK18i45lSs&quot;,&quot;video_type&quot;:&quot;youtube&quot;,&quot;controls&quot;:&quot;yes&quot;}\" data-widget_type=\"video.default\">\n\t\t\t\t<div class=\"elementor-widget-container\">\n\t\t\t\t\t\t\t<div class=\"elementor-wrapper elementor-open-inline\">\n\t\t\t<div class=\"elementor-video\"><\/div>\t\t<\/div>\n\t\t\t\t\t\t<\/div>\n\t\t\t\t<\/div>\n\t\t\t\t<div class=\"elementor-element elementor-element-db819f8 elementor-cta--skin-classic elementor-animated-content elementor-bg-transform elementor-bg-transform-zoom-in elementor-widget elementor-widget-call-to-action\" data-id=\"db819f8\" data-element_type=\"widget\" data-e-type=\"widget\" data-settings=\"{&quot;_animation&quot;:&quot;none&quot;}\" data-widget_type=\"call-to-action.default\">\n\t\t\t\t<div class=\"elementor-widget-container\">\n\t\t\t\t\t\t\t<div class=\"elementor-cta\">\n\t\t\t\t\t\t\t<div class=\"elementor-cta__content\">\n\t\t\t\t\n\t\t\t\t\t\t\t\t\t<h1 class=\"elementor-cta__title elementor-cta__content-item elementor-content-item\">\n\t\t\t\t\t\tSalimos en Antena 3\t\t\t\t\t<\/h1>\n\t\t\t\t\n\t\t\t\t\n\t\t\t\t\t\t\t<\/div>\n\t\t\t\t\t\t<\/div>\n\t\t\t\t\t\t<\/div>\n\t\t\t\t<\/div>\n\t\t\t\t<div class=\"elementor-element elementor-element-8036bdb elementor-widget elementor-widget-video\" data-id=\"8036bdb\" data-element_type=\"widget\" data-e-type=\"widget\" data-settings=\"{&quot;youtube_url&quot;:&quot;https:\\\/\\\/youtu.be\\\/OXdWfy4Txnk&quot;,&quot;video_type&quot;:&quot;youtube&quot;,&quot;controls&quot;:&quot;yes&quot;}\" data-widget_type=\"video.default\">\n\t\t\t\t<div class=\"elementor-widget-container\">\n\t\t\t\t\t\t\t<div class=\"elementor-wrapper elementor-open-inline\">\n\t\t\t<div class=\"elementor-video\"><\/div>\t\t<\/div>\n\t\t\t\t\t\t<\/div>\n\t\t\t\t<\/div>\n\t\t\t\t<div class=\"elementor-element elementor-element-beab418 elementor-cta--skin-classic elementor-animated-content elementor-bg-transform elementor-bg-transform-zoom-in elementor-widget elementor-widget-call-to-action\" data-id=\"beab418\" data-element_type=\"widget\" data-e-type=\"widget\" data-settings=\"{&quot;_animation&quot;:&quot;none&quot;}\" data-widget_type=\"call-to-action.default\">\n\t\t\t\t<div class=\"elementor-widget-container\">\n\t\t\t\t\t\t\t<div class=\"elementor-cta\">\n\t\t\t\t\t\t\t<div class=\"elementor-cta__content\">\n\t\t\t\t\n\t\t\t\t\t\t\t\t\t<h1 class=\"elementor-cta__title elementor-cta__content-item elementor-content-item\">\n\t\t\t\t\t\tEl diario 36 de el Espa\u00f1ol nos entrevista\t\t\t\t\t<\/h1>\n\t\t\t\t\n\t\t\t\t\n\t\t\t\t\t\t\t<\/div>\n\t\t\t\t\t\t<\/div>\n\t\t\t\t\t\t<\/div>\n\t\t\t\t<\/div>\n\t\t\t\t<div class=\"elementor-element elementor-element-bbfe4a2 elementor-widget elementor-widget-image\" data-id=\"bbfe4a2\" data-element_type=\"widget\" data-e-type=\"widget\" data-widget_type=\"image.default\">\n\t\t\t\t<div class=\"elementor-widget-container\">\n\t\t\t\t\t\t\t\t\t\t\t\t\t\t\t<img fetchpriority=\"high\" decoding=\"async\" width=\"663\" height=\"681\" src=\"https:\/\/growthcoliving.com\/wp-content\/uploads\/2023\/06\/Captura-de-Pantalla-2023-06-19-a-las-13.38.51.png\" class=\"attachment-large size-large wp-image-1217\" alt=\"\" srcset=\"https:\/\/growthcoliving.com\/wp-content\/uploads\/2023\/06\/Captura-de-Pantalla-2023-06-19-a-las-13.38.51.png 663w, https:\/\/growthcoliving.com\/wp-content\/uploads\/2023\/06\/Captura-de-Pantalla-2023-06-19-a-las-13.38.51-292x300.png 292w, https:\/\/growthcoliving.com\/wp-content\/uploads\/2023\/06\/Captura-de-Pantalla-2023-06-19-a-las-13.38.51-12x12.png 12w\" sizes=\"(max-width: 663px) 100vw, 663px\" \/>\t\t\t\t\t\t\t\t\t\t\t\t\t\t\t<\/div>\n\t\t\t\t<\/div>\n\t\t\t\t\t<\/div>\n\t\t\t\t<\/div>\n\t\t<div class=\"elementor-element elementor-element-9e48441 e-con-full e-flex e-con e-parent\" data-id=\"9e48441\" data-element_type=\"container\" data-e-type=\"container\" data-settings=\"{&quot;background_background&quot;:&quot;gradient&quot;}\">\n\t\t\t\t<div class=\"elementor-element elementor-element-222b83c4 elementor-widget__width-initial elementor-widget elementor-widget-icon-box\" data-id=\"222b83c4\" data-element_type=\"widget\" data-e-type=\"widget\" id=\"contact-us\" data-widget_type=\"icon-box.default\">\n\t\t\t\t<div class=\"elementor-widget-container\">\n\t\t\t\t\t\t\t<div class=\"elementor-icon-box-wrapper\">\n\n\t\t\t\n\t\t\t\t\t\t<div class=\"elementor-icon-box-content\">\n\n\t\t\t\t\t\t\t\t\t<h2 class=\"elementor-icon-box-title\">\n\t\t\t\t\t\t<span  >\n\t\t\t\t\t\t\t\u00bfTe gustar\u00eda formar parte de Growth Coliving?\t\t\t\t\t\t<\/span>\n\t\t\t\t\t<\/h2>\n\t\t\t\t\n\t\t\t\t\t\t\t\t\t<p class=\"elementor-icon-box-description\">\n\t\t\t\t\t\tQueremos conocerte y responder tus dudas, env\u00edanos un mensaje y te llamamos.\t\t\t\t\t<\/p>\n\t\t\t\t\n\t\t\t<\/div>\n\t\t\t\n\t\t<\/div>\n\t\t\t\t\t\t<\/div>\n\t\t\t\t<\/div>\n\t\t<div class=\"elementor-element elementor-element-6bde7e76 e-con-full e-flex e-con e-parent\" data-id=\"6bde7e76\" data-element_type=\"container\" data-e-type=\"container\">\n\t\t<div class=\"elementor-element elementor-element-5a38a59a e-con-full e-flex e-con e-parent\" data-id=\"5a38a59a\" data-element_type=\"container\" data-e-type=\"container\">\n\t\t\t\t<div class=\"elementor-element elementor-element-23ca23fc elementor-widget elementor-widget-icon-box\" data-id=\"23ca23fc\" data-element_type=\"widget\" data-e-type=\"widget\" data-widget_type=\"icon-box.default\">\n\t\t\t\t<div class=\"elementor-widget-container\">\n\t\t\t\t\t\t\t<div class=\"elementor-icon-box-wrapper\">\n\n\t\t\t\n\t\t\t\t\t\t<div class=\"elementor-icon-box-content\">\n\n\t\t\t\t\t\t\t\t\t<h3 class=\"elementor-icon-box-title\">\n\t\t\t\t\t\t<a href=\"https:\/\/www.google.com\/maps\/place\/Casa+Spa+Hijos+Dalgo\/@42.1412767,-8.2346831,15z\/data=!4m2!3m1!1s0x0:0x438d96aac89e3c8b?sa=X&#038;ved=2ahUKEwiHtMq3_eP-AhWFH-wKHYBeDT0Q_BJ6BAg5EAc\" >\n\t\t\t\t\t\t\tDirecci\u00f3n\t\t\t\t\t\t<\/a>\n\t\t\t\t\t<\/h3>\n\t\t\t\t\n\t\t\t\t\t\t\t\t\t<p class=\"elementor-icon-box-description\">\n\t\t\t\t\t\tCalle Pousa 3, Apousa, Creciente, 36420, Pontevedra, Espa\u00f1a\t\t\t\t\t<\/p>\n\t\t\t\t\n\t\t\t<\/div>\n\t\t\t\n\t\t<\/div>\n\t\t\t\t\t\t<\/div>\n\t\t\t\t<\/div>\n\t\t\t\t<div class=\"elementor-element elementor-element-f6c2514 elementor-widget elementor-widget-google_maps\" data-id=\"f6c2514\" data-element_type=\"widget\" data-e-type=\"widget\" data-widget_type=\"google_maps.default\">\n\t\t\t\t<div class=\"elementor-widget-container\">\n\t\t\t\t\t\t\t<div class=\"elementor-custom-embed\">\n\t\t\t<iframe loading=\"lazy\"\n\t\t\t\t\tsrc=\"https:\/\/maps.google.com\/maps?q=calle%20pousa%203%2C%20apousa%2C%20crecente&#038;t=m&#038;z=10&#038;output=embed&#038;iwloc=near\"\n\t\t\t\t\ttitle=\"calle pousa 3, apousa, crecente\"\n\t\t\t\t\taria-label=\"calle pousa 3, apousa, crecente\"\n\t\t\t><\/iframe>\n\t\t<\/div>\n\t\t\t\t\t\t<\/div>\n\t\t\t\t<\/div>\n\t\t\t\t<div class=\"elementor-element elementor-element-3830ab56 elementor-widget elementor-widget-icon-box\" data-id=\"3830ab56\" data-element_type=\"widget\" data-e-type=\"widget\" data-widget_type=\"icon-box.default\">\n\t\t\t\t<div class=\"elementor-widget-container\">\n\t\t\t\t\t\t\t<div class=\"elementor-icon-box-wrapper\">\n\n\t\t\t\n\t\t\t\t\t\t<div class=\"elementor-icon-box-content\">\n\n\t\t\t\t\t\t\t\t\t<h3 class=\"elementor-icon-box-title\">\n\t\t\t\t\t\t<a href=\"mailto:welcome@growthcoliving.com\" >\n\t\t\t\t\t\t\tEmail\t\t\t\t\t\t<\/a>\n\t\t\t\t\t<\/h3>\n\t\t\t\t\n\t\t\t\t\t\t\t\t\t<p class=\"elementor-icon-box-description\">\n\t\t\t\t\t\twelcome@growthcoliving.com\t\t\t\t\t<\/p>\n\t\t\t\t\n\t\t\t<\/div>\n\t\t\t\n\t\t<\/div>\n\t\t\t\t\t\t<\/div>\n\t\t\t\t<\/div>\n\t\t\t\t<div class=\"elementor-element elementor-element-366bb2d4 elementor-widget elementor-widget-icon-box\" data-id=\"366bb2d4\" data-element_type=\"widget\" data-e-type=\"widget\" data-widget_type=\"icon-box.default\">\n\t\t\t\t<div class=\"elementor-widget-container\">\n\t\t\t\t\t\t\t<div class=\"elementor-icon-box-wrapper\">\n\n\t\t\t\n\t\t\t\t\t\t<div class=\"elementor-icon-box-content\">\n\n\t\t\t\t\t\t\t\t\t<h3 class=\"elementor-icon-box-title\">\n\t\t\t\t\t\t<a href=\"tel:+34623125011\" >\n\t\t\t\t\t\t\tLl\u00e1manos\t\t\t\t\t\t<\/a>\n\t\t\t\t\t<\/h3>\n\t\t\t\t\n\t\t\t\t\t\t\t\t\t<p class=\"elementor-icon-box-description\">\n\t\t\t\t\t\t+34623125011\t\t\t\t\t<\/p>\n\t\t\t\t\n\t\t\t<\/div>\n\t\t\t\n\t\t<\/div>\n\t\t\t\t\t\t<\/div>\n\t\t\t\t<\/div>\n\t\t\t\t<\/div>\n\t\t<div class=\"elementor-element elementor-element-41f48bc4 e-con-full e-flex e-con e-parent\" data-id=\"41f48bc4\" data-element_type=\"container\" data-e-type=\"container\">\n\t\t\t\t<div class=\"elementor-element elementor-element-ccfca4 elementor-button-align-end elementor-mobile-button-align-center elementor-widget elementor-widget-form\" data-id=\"ccfca4\" data-element_type=\"widget\" data-e-type=\"widget\" data-settings=\"{&quot;step_next_label&quot;:&quot;Next&quot;,&quot;step_previous_label&quot;:&quot;Previous&quot;,&quot;button_width&quot;:&quot;100&quot;,&quot;step_type&quot;:&quot;number_text&quot;,&quot;step_icon_shape&quot;:&quot;circle&quot;}\" data-widget_type=\"form.default\">\n\t\t\t\t<div class=\"elementor-widget-container\">\n\t\t\t\t\t\t\t<form class=\"elementor-form\" method=\"post\" name=\"New Form\" aria-label=\"New Form\">\n\t\t\t<input type=\"hidden\" name=\"post_id\" value=\"1208\"\/>\n\t\t\t<input type=\"hidden\" name=\"form_id\" value=\"ccfca4\"\/>\n\t\t\t<input type=\"hidden\" name=\"referer_title\" value=\"Prensa- Growth Coliving Galicia\" \/>\n\n\t\t\t\t\t\t\t<input type=\"hidden\" name=\"queried_id\" value=\"1208\"\/>\n\t\t\t\n\t\t\t<div class=\"elementor-form-fields-wrapper elementor-labels-\">\n\t\t\t\t\t\t\t\t<div class=\"elementor-field-type-text elementor-field-group elementor-column elementor-field-group-name elementor-col-50 elementor-field-required\">\n\t\t\t\t\t\t\t\t\t\t\t\t<label for=\"form-field-name\" class=\"elementor-field-label elementor-screen-only\">\n\t\t\t\t\t\t\t\tNombre\t\t\t\t\t\t\t<\/label>\n\t\t\t\t\t\t\t\t\t\t\t\t\t\t<input size=\"1\" type=\"text\" name=\"form_fields[name]\" id=\"form-field-name\" class=\"elementor-field elementor-size-sm  elementor-field-textual\" placeholder=\"Nombre\" required=\"required\">\n\t\t\t\t\t\t\t\t\t\t\t<\/div>\n\t\t\t\t\t\t\t\t<div class=\"elementor-field-type-text elementor-field-group elementor-column elementor-field-group-field_5e63ec7 elementor-col-50\">\n\t\t\t\t\t\t\t\t\t\t\t\t<label for=\"form-field-field_5e63ec7\" class=\"elementor-field-label elementor-screen-only\">\n\t\t\t\t\t\t\t\tApellido\t\t\t\t\t\t\t<\/label>\n\t\t\t\t\t\t\t\t\t\t\t\t\t\t<input size=\"1\" type=\"text\" name=\"form_fields[field_5e63ec7]\" id=\"form-field-field_5e63ec7\" class=\"elementor-field elementor-size-sm  elementor-field-textual\" placeholder=\"Apellido\">\n\t\t\t\t\t\t\t\t\t\t\t<\/div>\n\t\t\t\t\t\t\t\t<div class=\"elementor-field-type-tel elementor-field-group elementor-column elementor-field-group-field_f5f1e1b elementor-col-50 elementor-field-required\">\n\t\t\t\t\t\t\t\t\t\t\t\t<label for=\"form-field-field_f5f1e1b\" class=\"elementor-field-label elementor-screen-only\">\n\t\t\t\t\t\t\t\tN\u00famero de tel\u00e9fono\t\t\t\t\t\t\t<\/label>\n\t\t\t\t\t\t\t\t<input size=\"1\" type=\"tel\" name=\"form_fields[field_f5f1e1b]\" id=\"form-field-field_f5f1e1b\" class=\"elementor-field elementor-size-sm  elementor-field-textual\" placeholder=\"N\u00famero de tel\u00e9fono\" required=\"required\" pattern=\"[0-9()#&amp;+*-=.]+\" title=\"Only numbers and phone characters (#, -, *, etc) are accepted.\">\n\n\t\t\t\t\t\t<\/div>\n\t\t\t\t\t\t\t\t<div class=\"elementor-field-type-email elementor-field-group elementor-column elementor-field-group-email elementor-col-50 elementor-field-required\">\n\t\t\t\t\t\t\t\t\t\t\t\t<label for=\"form-field-email\" class=\"elementor-field-label elementor-screen-only\">\n\t\t\t\t\t\t\t\tCorreo\t\t\t\t\t\t\t<\/label>\n\t\t\t\t\t\t\t\t\t\t\t\t\t\t<input size=\"1\" type=\"email\" name=\"form_fields[email]\" id=\"form-field-email\" class=\"elementor-field elementor-size-sm  elementor-field-textual\" placeholder=\"Correo\" required=\"required\">\n\t\t\t\t\t\t\t\t\t\t\t<\/div>\n\t\t\t\t\t\t\t\t<div class=\"elementor-field-type-textarea elementor-field-group elementor-column elementor-field-group-message elementor-col-100 elementor-field-required\">\n\t\t\t\t\t\t\t\t\t\t\t\t<label for=\"form-field-message\" class=\"elementor-field-label elementor-screen-only\">\n\t\t\t\t\t\t\t\t\u00bfCu\u00e1ndo podr\u00edamos llamarte?\t\t\t\t\t\t\t<\/label>\n\t\t\t\t\t\t<textarea class=\"elementor-field-textual elementor-field  elementor-size-sm\" name=\"form_fields[message]\" id=\"form-field-message\" rows=\"4\" placeholder=\"\u00bfCu\u00e1ndo podr\u00edamos llamarte?\" required=\"required\"><\/textarea>\t\t\t\t<\/div>\n\t\t\t\t\t\t\t\t<div class=\"elementor-field-group elementor-column elementor-field-type-submit elementor-col-100 e-form__buttons\">\n\t\t\t\t\t<button class=\"elementor-button elementor-size-md elementor-animation-grow\" type=\"submit\">\n\t\t\t\t\t\t<span class=\"elementor-button-content-wrapper\">\n\t\t\t\t\t\t\t\t\t\t\t\t\t\t\t\t\t\t\t\t\t\t<span class=\"elementor-button-text\">ENVIAR<\/span>\n\t\t\t\t\t\t\t\t\t\t\t\t\t<\/span>\n\t\t\t\t\t<\/button>\n\t\t\t\t<\/div>\n\t\t\t<\/div>\n\t\t<\/form>\n\t\t\t\t\t\t<\/div>\n\t\t\t\t<\/div>\n\t\t\t\t<\/div>\n\t\t\t\t<\/div>\n\t\t\t\t<\/div>\n\t\t<div class=\"elementor-element elementor-element-dd4d517 e-flex e-con-boxed e-con e-parent\" data-id=\"dd4d517\" data-element_type=\"container\" data-e-type=\"container\">\n\t\t\t\t\t<div class=\"e-con-inner\">\n\t\t\t\t\t<\/div>\n\t\t\t\t<\/div>\n\t\t\t\t<\/div>\n\t\t","protected":false},"excerpt":{"rendered":"<p>Salimos en los informativos de Telecinco Salimos en Antena 3 El diario 36 de el Espa\u00f1ol nos entrevista \u00bfTe gustar\u00eda formar parte de Growth Coliving? Queremos conocerte y responder tus dudas, env\u00edanos un mensaje y te llamamos. Direcci\u00f3n Calle Pousa 3, Apousa, Creciente, 36420, Pontevedra, Espa\u00f1a Email welcome@growthcoliving.com Ll\u00e1manos +34623125011<\/p>","protected":false},"author":2,"featured_media":0,"parent":0,"menu_order":0,"comment_status":"closed","ping_status":"closed","template":"","meta":{"site-sidebar-layout":"no-sidebar","site-content-layout":"page-builder","ast-global-header-display":"","ast-main-header-display":"","ast-hfb-above-header-display":"","ast-hfb-below-header-display":"","ast-hfb-mobile-header-display":"","site-post-title":"disabled","ast-breadcrumbs-content":"","ast-featured-img":"disabled","footer-sml-layout":"","theme-transparent-header-meta":"","adv-header-id-meta":"","stick-header-meta":"","header-above-stick-meta":"","header-main-stick-meta":"","header-below-stick-meta":"","footnotes":""},"class_list":["post-1208","page","type-page","status-publish","hentry"],"yoast_head":"<!-- This site is optimized with the Yoast SEO plugin v27.2 - https:\/\/yoast.com\/product\/yoast-seo-wordpress\/ -->\n<title>Prensa- Growth Coliving Galicia<\/title>\n<meta name=\"robots\" content=\"index, follow, max-snippet:-1, max-image-preview:large, max-video-preview:-1\" \/>\n<link rel=\"canonical\" href=\"https:\/\/growthcoliving.com\/en\/prensa\/\" \/>\n<meta property=\"og:locale\" content=\"en_GB\" \/>\n<meta property=\"og:type\" content=\"article\" \/>\n<meta property=\"og:title\" content=\"Prensa- Growth Coliving Galicia\" \/>\n<meta property=\"og:description\" content=\"Salimos en los informativos de Telecinco Salimos en Antena 3 El diario 36 de el Espa\u00f1ol nos entrevista \u00bfTe gustar\u00eda formar parte de Growth Coliving? Queremos conocerte y responder tus dudas, env\u00edanos un mensaje y te llamamos. Direcci\u00f3n Calle Pousa 3, Apousa, Creciente, 36420, Pontevedra, Espa\u00f1a Email welcome@growthcoliving.com Ll\u00e1manos +34623125011\" \/>\n<meta property=\"og:url\" content=\"https:\/\/growthcoliving.com\/en\/prensa\/\" \/>\n<meta property=\"og:site_name\" content=\"Growth Coliving Galicia\" \/>\n<meta property=\"article:modified_time\" content=\"2023-06-19T11:42:17+00:00\" \/>\n<meta property=\"og:image\" content=\"https:\/\/growthcoliving.com\/wp-content\/uploads\/2023\/06\/Captura-de-Pantalla-2023-06-19-a-las-13.38.51.png\" \/>\n<meta name=\"twitter:card\" content=\"summary_large_image\" \/>\n<meta name=\"twitter:label1\" content=\"Estimated reading time\" \/>\n\t<meta name=\"twitter:data1\" content=\"1 minute\" \/>\n<script type=\"application\/ld+json\" class=\"yoast-schema-graph\">{\"@context\":\"https:\/\/schema.org\",\"@graph\":[{\"@type\":\"WebPage\",\"@id\":\"https:\/\/growthcoliving.com\/prensa\/\",\"url\":\"https:\/\/growthcoliving.com\/prensa\/\",\"name\":\"Prensa- Growth Coliving Galicia\",\"isPartOf\":{\"@id\":\"https:\/\/growthcoliving.com\/#website\"},\"primaryImageOfPage\":{\"@id\":\"https:\/\/growthcoliving.com\/prensa\/#primaryimage\"},\"image\":{\"@id\":\"https:\/\/growthcoliving.com\/prensa\/#primaryimage\"},\"thumbnailUrl\":\"https:\/\/growthcoliving.com\/wp-content\/uploads\/2023\/06\/Captura-de-Pantalla-2023-06-19-a-las-13.38.51.png\",\"datePublished\":\"2023-06-19T11:07:41+00:00\",\"dateModified\":\"2023-06-19T11:42:17+00:00\",\"breadcrumb\":{\"@id\":\"https:\/\/growthcoliving.com\/prensa\/#breadcrumb\"},\"inLanguage\":\"en-GB\",\"potentialAction\":[{\"@type\":\"ReadAction\",\"target\":[\"https:\/\/growthcoliving.com\/prensa\/\"]}]},{\"@type\":\"ImageObject\",\"inLanguage\":\"en-GB\",\"@id\":\"https:\/\/growthcoliving.com\/prensa\/#primaryimage\",\"url\":\"https:\/\/growthcoliving.com\/wp-content\/uploads\/2023\/06\/Captura-de-Pantalla-2023-06-19-a-las-13.38.51.png\",\"contentUrl\":\"https:\/\/growthcoliving.com\/wp-content\/uploads\/2023\/06\/Captura-de-Pantalla-2023-06-19-a-las-13.38.51.png\"},{\"@type\":\"BreadcrumbList\",\"@id\":\"https:\/\/growthcoliving.com\/prensa\/#breadcrumb\",\"itemListElement\":[{\"@type\":\"ListItem\",\"position\":1,\"name\":\"Portada\",\"item\":\"https:\/\/growthcoliving.com\/\"},{\"@type\":\"ListItem\",\"position\":2,\"name\":\"Prensa\"}]},{\"@type\":\"WebSite\",\"@id\":\"https:\/\/growthcoliving.com\/#website\",\"url\":\"https:\/\/growthcoliving.com\/\",\"name\":\"Growth Coliving Galicia\",\"description\":\"Rural Coliving Spain\",\"publisher\":{\"@id\":\"https:\/\/growthcoliving.com\/#organization\"},\"potentialAction\":[{\"@type\":\"SearchAction\",\"target\":{\"@type\":\"EntryPoint\",\"urlTemplate\":\"https:\/\/growthcoliving.com\/?s={search_term_string}\"},\"query-input\":{\"@type\":\"PropertyValueSpecification\",\"valueRequired\":true,\"valueName\":\"search_term_string\"}}],\"inLanguage\":\"en-GB\"},{\"@type\":\"Organization\",\"@id\":\"https:\/\/growthcoliving.com\/#organization\",\"name\":\"Growth Coliving Galicia\",\"url\":\"https:\/\/growthcoliving.com\/\",\"logo\":{\"@type\":\"ImageObject\",\"inLanguage\":\"en-GB\",\"@id\":\"https:\/\/growthcoliving.com\/#\/schema\/logo\/image\/\",\"url\":\"https:\/\/growthcoliving.com\/wp-content\/uploads\/2023\/04\/cropped-LOGO-GROWTH-COLIVING-GALICIA-1.png\",\"contentUrl\":\"https:\/\/growthcoliving.com\/wp-content\/uploads\/2023\/04\/cropped-LOGO-GROWTH-COLIVING-GALICIA-1.png\",\"width\":512,\"height\":512,\"caption\":\"Growth Coliving Galicia\"},\"image\":{\"@id\":\"https:\/\/growthcoliving.com\/#\/schema\/logo\/image\/\"}}]}<\/script>\n<!-- \/ Yoast SEO plugin. -->","yoast_head_json":{"title":"Prensa- Growth Coliving Galicia","robots":{"index":"index","follow":"follow","max-snippet":"max-snippet:-1","max-image-preview":"max-image-preview:large","max-video-preview":"max-video-preview:-1"},"canonical":"https:\/\/growthcoliving.com\/en\/prensa\/","og_locale":"en_GB","og_type":"article","og_title":"Prensa- Growth Coliving Galicia","og_description":"Salimos en los informativos de Telecinco Salimos en Antena 3 El diario 36 de el Espa\u00f1ol nos entrevista \u00bfTe gustar\u00eda formar parte de Growth Coliving? Queremos conocerte y responder tus dudas, env\u00edanos un mensaje y te llamamos. Direcci\u00f3n Calle Pousa 3, Apousa, Creciente, 36420, Pontevedra, Espa\u00f1a Email welcome@growthcoliving.com Ll\u00e1manos +34623125011","og_url":"https:\/\/growthcoliving.com\/en\/prensa\/","og_site_name":"Growth Coliving Galicia","article_modified_time":"2023-06-19T11:42:17+00:00","og_image":[{"url":"https:\/\/growthcoliving.com\/wp-content\/uploads\/2023\/06\/Captura-de-Pantalla-2023-06-19-a-las-13.38.51.png","type":"","width":"","height":""}],"twitter_card":"summary_large_image","twitter_misc":{"Estimated reading time":"1 minute"},"schema":{"@context":"https:\/\/schema.org","@graph":[{"@type":"WebPage","@id":"https:\/\/growthcoliving.com\/prensa\/","url":"https:\/\/growthcoliving.com\/prensa\/","name":"Prensa- Growth Coliving Galicia","isPartOf":{"@id":"https:\/\/growthcoliving.com\/#website"},"primaryImageOfPage":{"@id":"https:\/\/growthcoliving.com\/prensa\/#primaryimage"},"image":{"@id":"https:\/\/growthcoliving.com\/prensa\/#primaryimage"},"thumbnailUrl":"https:\/\/growthcoliving.com\/wp-content\/uploads\/2023\/06\/Captura-de-Pantalla-2023-06-19-a-las-13.38.51.png","datePublished":"2023-06-19T11:07:41+00:00","dateModified":"2023-06-19T11:42:17+00:00","breadcrumb":{"@id":"https:\/\/growthcoliving.com\/prensa\/#breadcrumb"},"inLanguage":"en-GB","potentialAction":[{"@type":"ReadAction","target":["https:\/\/growthcoliving.com\/prensa\/"]}]},{"@type":"ImageObject","inLanguage":"en-GB","@id":"https:\/\/growthcoliving.com\/prensa\/#primaryimage","url":"https:\/\/growthcoliving.com\/wp-content\/uploads\/2023\/06\/Captura-de-Pantalla-2023-06-19-a-las-13.38.51.png","contentUrl":"https:\/\/growthcoliving.com\/wp-content\/uploads\/2023\/06\/Captura-de-Pantalla-2023-06-19-a-las-13.38.51.png"},{"@type":"BreadcrumbList","@id":"https:\/\/growthcoliving.com\/prensa\/#breadcrumb","itemListElement":[{"@type":"ListItem","position":1,"name":"Portada","item":"https:\/\/growthcoliving.com\/"},{"@type":"ListItem","position":2,"name":"Prensa"}]},{"@type":"WebSite","@id":"https:\/\/growthcoliving.com\/#website","url":"https:\/\/growthcoliving.com\/","name":"Growth Coliving Galicia","description":"Rural Coliving Spain","publisher":{"@id":"https:\/\/growthcoliving.com\/#organization"},"potentialAction":[{"@type":"SearchAction","target":{"@type":"EntryPoint","urlTemplate":"https:\/\/growthcoliving.com\/?s={search_term_string}"},"query-input":{"@type":"PropertyValueSpecification","valueRequired":true,"valueName":"search_term_string"}}],"inLanguage":"en-GB"},{"@type":"Organization","@id":"https:\/\/growthcoliving.com\/#organization","name":"Growth Coliving Galicia","url":"https:\/\/growthcoliving.com\/","logo":{"@type":"ImageObject","inLanguage":"en-GB","@id":"https:\/\/growthcoliving.com\/#\/schema\/logo\/image\/","url":"https:\/\/growthcoliving.com\/wp-content\/uploads\/2023\/04\/cropped-LOGO-GROWTH-COLIVING-GALICIA-1.png","contentUrl":"https:\/\/growthcoliving.com\/wp-content\/uploads\/2023\/04\/cropped-LOGO-GROWTH-COLIVING-GALICIA-1.png","width":512,"height":512,"caption":"Growth Coliving Galicia"},"image":{"@id":"https:\/\/growthcoliving.com\/#\/schema\/logo\/image\/"}}]}},"_links":{"self":[{"href":"https:\/\/growthcoliving.com\/en\/wp-json\/wp\/v2\/pages\/1208","targetHints":{"allow":["GET"]}}],"collection":[{"href":"https:\/\/growthcoliving.com\/en\/wp-json\/wp\/v2\/pages"}],"about":[{"href":"https:\/\/growthcoliving.com\/en\/wp-json\/wp\/v2\/types\/page"}],"author":[{"embeddable":true,"href":"https:\/\/growthcoliving.com\/en\/wp-json\/wp\/v2\/users\/2"}],"replies":[{"embeddable":true,"href":"https:\/\/growthcoliving.com\/en\/wp-json\/wp\/v2\/comments?post=1208"}],"version-history":[{"count":10,"href":"https:\/\/growthcoliving.com\/en\/wp-json\/wp\/v2\/pages\/1208\/revisions"}],"predecessor-version":[{"id":1223,"href":"https:\/\/growthcoliving.com\/en\/wp-json\/wp\/v2\/pages\/1208\/revisions\/1223"}],"wp:attachment":[{"href":"https:\/\/growthcoliving.com\/en\/wp-json\/wp\/v2\/media?parent=1208"}],"curies":[{"name":"wp","href":"https:\/\/api.w.org\/{rel}","templated":true}]}}